{"id":315,"date":"2010-02-03T11:38:31","date_gmt":"2010-02-03T09:38:31","guid":{"rendered":"http:\/\/www.aggertalersegelclub.de\/wordpress\/?page_id=315"},"modified":"2010-03-20T23:41:47","modified_gmt":"2010-03-20T22:41:47","slug":"startseite","status":"publish","type":"page","link":"https:\/\/www.aggertalersegelclub.de\/","title":{"rendered":"Startseite"},"content":{"rendered":"<li> <img decoding=\"async\" src=\"http:\/\/www.aggertalersegelclub.de\/wordpress\/wp-content\/uploads\/2010\/02\/gelaendeundhaus.jpg\" alt=\"\" \/><span class=\"slide_caption\">Das Vereinsgel\u00e4nde<\/span><\/li>\n<li> <img decoding=\"async\" src=\"http:\/\/www.aggertalersegelclub.de\/wordpress\/wp-content\/uploads\/2010\/02\/beginntoern.jpg\" alt=\"\" \/><span class=\"slide_caption\">Der Beginn eines sch\u00f6nen T\u00f6rns&#8230;<\/span><\/li>\n<li> <img decoding=\"async\" src=\"http:\/\/www.aggertalersegelclub.de\/wordpress\/wp-content\/uploads\/2010\/02\/catregatta.jpg\" alt=\"\" \/><span class=\"slide_caption\">Teilnehmer des Cat-Cups<\/span><\/li>\n<li> <img decoding=\"async\" src=\"http:\/\/www.aggertalersegelclub.de\/wordpress\/wp-content\/uploads\/2010\/02\/steinkueste.jpg\" alt=\"\" \/><span class=\"slide_caption\">Malerische Steink\u00fcste gegen\u00fcber dem Vereinsgel\u00e4nde<\/span><\/li>\n<li><img decoding=\"async\" src=\"http:\/\/www.aggertalersegelclub.de\/wordpress\/wp-content\/uploads\/2010\/02\/stege.jpg\" alt=\"\" \/><span class=\"slide_caption\">Ein Teil der Steganlage<\/span><\/li>\n<li> <img decoding=\"async\" src=\"http:\/\/www.aggertalersegelclub.de\/wordpress\/wp-content\/uploads\/2010\/02\/stegblick.jpg\" alt=\"\" \/><span class=\"slide_caption\">Blick \u00fcber Steg S\u00fcd<\/span><\/li>\n<li> <img decoding=\"async\" src=\"http:\/\/www.aggertalersegelclub.de\/wordpress\/wp-content\/uploads\/2010\/02\/slipanlage.jpg\" alt=\"\" \/><span class=\"slide_caption\">Ein Teil des Gel\u00e4ndes und Slipanlage<\/span><\/li>\n<li><img decoding=\"async\" src=\"http:\/\/www.aggertalersegelclub.de\/wordpress\/wp-content\/uploads\/2010\/02\/optitraining.jpg\" alt=\"\" \/><span class=\"slide_caption\">Die Jugendabteilung trainiert<\/span><\/li>\n<li> <img decoding=\"async\" src=\"http:\/\/www.aggertalersegelclub.de\/wordpress\/wp-content\/uploads\/2010\/02\/optialleine.jpg\" alt=\"\" \/><span class=\"slide_caption\">Sicheres \u00dcben zwischen den Stegen<\/span><\/li>\n<li> <img decoding=\"async\" src=\"http:\/\/www.aggertalersegelclub.de\/wordpress\/wp-content\/uploads\/2010\/02\/home2.jpg\" alt=\"\" \/><span class=\"slide_caption\">Gesellige Runde l\u00e4sst Segeltag ausklingen<\/span><\/li>\n<li>  <img decoding=\"async\" src=\"http:\/\/www.aggertalersegelclub.de\/wordpress\/wp-content\/uploads\/2010\/02\/home3.jpg\" alt=\"\" \/><span class=\"slide_caption\">Opti-Segler beim Training<\/span><\/li>\n<li> <img decoding=\"async\" src=\"http:\/\/www.aggertalersegelclub.de\/wordpress\/wp-content\/uploads\/2010\/02\/home4.jpg\" alt=\"\" \/><span class=\"slide_caption\">Das Vereinsgel\u00e4nde<\/span><\/li>\n","protected":false},"excerpt":{"rendered":"<p>Das Vereinsgel\u00e4nde Der Beginn eines sch\u00f6nen T\u00f6rns&#8230; Teilnehmer des Cat-Cups Malerische Steink\u00fcste gegen\u00fcber dem Vereinsgel\u00e4nde Ein Teil der Steganlage Blick \u00fcber Steg S\u00fcd Ein Teil des Gel\u00e4ndes und Slipanlage Die Jugendabteilung trainiert Sicheres \u00dcben zwischen den Stegen Gesellige Runde l\u00e4sst Segeltag ausklingen Opti-Segler beim Training Das Vereinsgel\u00e4nde<\/p>\n","protected":false},"author":1,"featured_media":0,"parent":0,"menu_order":1,"comment_status":"closed","ping_status":"closed","template":"homepage.php","meta":{"ngg_post_thumbnail":0,"footnotes":"","_links_to":"","_links_to_target":""},"class_list":["post-315","page","type-page","status-publish","hentry"],"_links":{"self":[{"href":"https:\/\/www.aggertalersegelclub.de\/index.php?rest_route=\/wp\/v2\/pages\/315","targetHints":{"allow":["GET"]}}],"collection":[{"href":"https:\/\/www.aggertalersegelclub.de\/index.php?rest_route=\/wp\/v2\/pages"}],"about":[{"href":"https:\/\/www.aggertalersegelclub.de\/index.php?rest_route=\/wp\/v2\/types\/page"}],"author":[{"embeddable":true,"href":"https:\/\/www.aggertalersegelclub.de\/index.php?rest_route=\/wp\/v2\/users\/1"}],"replies":[{"embeddable":true,"href":"https:\/\/www.aggertalersegelclub.de\/index.php?rest_route=%2Fwp%2Fv2%2Fcomments&post=315"}],"version-history":[{"count":25,"href":"https:\/\/www.aggertalersegelclub.de\/index.php?rest_route=\/wp\/v2\/pages\/315\/revisions"}],"predecessor-version":[{"id":644,"href":"https:\/\/www.aggertalersegelclub.de\/index.php?rest_route=\/wp\/v2\/pages\/315\/revisions\/644"}],"wp:attachment":[{"href":"https:\/\/www.aggertalersegelclub.de\/index.php?rest_route=%2Fwp%2Fv2%2Fmedia&parent=315"}],"curies":[{"name":"wp","href":"https:\/\/api.w.org\/{rel}","templated":true}]}}