{"id":148,"date":"2010-02-02T23:48:46","date_gmt":"2010-02-02T21:48:46","guid":{"rendered":"http:\/\/www.aggertalersegelclub.de\/wordpress\/?page_id=148"},"modified":"2020-01-24T21:52:34","modified_gmt":"2020-01-24T19:52:34","slug":"gastronomie-2","status":"publish","type":"page","link":"https:\/\/www.aggertalersegelclub.de\/?page_id=148","title":{"rendered":"Gastronomie"},"content":{"rendered":"<p><img loading=\"lazy\" decoding=\"async\" class=\"size-full wp-image-256 alignnone\" title=\"gastro\" src=\"http:\/\/www.aggertalersegelclub.de\/wordpress\/wp-content\/uploads\/2010\/02\/gastro.jpg\" alt=\"\" width=\"600\" height=\"256\" srcset=\"https:\/\/www.aggertalersegelclub.de\/wordpress\/wp-content\/uploads\/2010\/02\/gastro.jpg 600w, https:\/\/www.aggertalersegelclub.de\/wordpress\/wp-content\/uploads\/2010\/02\/gastro-300x128.jpg 300w\" sizes=\"auto, (max-width: 600px) 100vw, 600px\" \/><br \/>\n<!--more--><\/p>\n<p>&nbsp;<\/p>\n<p>Die beiden Vereine ASC und WSVB betreiben zusammen ein Clubhaus. Hier treffen sich die Segler des ASC und WSVB nicht nur zum geselligen Beisammensein, sondern auch zum Fachsimpeln, Gedankenaustausch und nat\u00fcrlich \u2026 auch gern zum Feiern.<\/p>\n<p>Das Clubhaus verf\u00fcgt \u00fcber folgende Ausstattung:<\/p>\n<ul>\n<li>Bewirtung mit eigener K\u00fcche<\/li>\n<li>Sch\u00f6ne Theke und Sitzpl\u00e4tze innen<\/li>\n<li>Terrasse mit Blick \u00fcber den See<\/li>\n<li>M\u00f6glichkeit f\u00fcr private Feiern<\/li>\n<li>Jugendraum mit Kicker<\/li>\n<li>Dusch- und Sanit\u00e4rr\u00e4ume<\/li>\n<\/ul>\n<p>Die Speisekarte h\u00e4lt eine Auswahl von Gerichten f\u00fcr Sie bereit. Wir hoffen, die Speisekarte entspricht Ihren Vorstellungen. Sollte dies einmal nicht der Fall sein, sind wir f\u00fcr Anregungen stets offen. Sprechen Sie unseren Clubwirt gerne an. An den Wochenenden haben wir f\u00fcr Sie noch zus\u00e4tzliche Essen im Angebot. Auf Vorbestellungen bei unserer Gastronomie sind auch Men\u00fcs nach Ihren W\u00fcnschen ab 10 Personen m\u00f6glich. Nach R\u00fccksprache mit der CHA organisiert die Clubhausgastronomie gerne private Feiern im Clubhaus nach Ihren individuellen Vorstellungen.<\/p>\n<p>Ihre Vorbestellung nimmt unser Wirt Valerijus gerne entgegen.<\/p>\n<p><img loading=\"lazy\" decoding=\"async\" class=\"alignleft size-full wp-image-4909\" src=\"http:\/\/www.aggertalersegelclub.de\/wordpress\/wp-content\/uploads\/2020\/01\/Valerius-Stepanenko.jpg\" alt=\"\" width=\"224\" height=\"307\" srcset=\"https:\/\/www.aggertalersegelclub.de\/wordpress\/wp-content\/uploads\/2020\/01\/Valerius-Stepanenko.jpg 224w, https:\/\/www.aggertalersegelclub.de\/wordpress\/wp-content\/uploads\/2020\/01\/Valerius-Stepanenko-219x300.jpg 219w\" sizes=\"auto, (max-width: 224px) 100vw, 224px\" \/><\/p>\n<h1>Veranstaltungen der Clubhausgastronomie<\/h1><em>Zur Zeit keine Veranstaltungen<\/em>\n<h1>&nbsp;<\/h1>\n<h1>&nbsp;<\/h1>\n<h1>&nbsp;<\/h1>\n<h1>&nbsp;<\/h1>\n<h1>Speisekarte:<\/h1>\n<p>&nbsp;<\/p>\n<p>Download als PDF<\/p>\n<p><img loading=\"lazy\" decoding=\"async\" class=\"alignnone size-full\" src=\"http:\/\/www.aggertalersegelclub.de\/wordpress\/wp-content\/uploads\/2020\/01\/Bildschirmfoto-2020-01-24-um-20.39.53.png\" width=\"510\" height=\"773\"\/><\/p>\n<p>&nbsp;<\/p>\n<h1>\u00d6ffnungszeiten:<\/h1>\n<p>&nbsp;<\/p>\n<table style=\"border-collapse: collapse; border-width: 0pt; height: 181px;\" border=\"1\" width=\"622\" cellspacing=\"0\" cellpadding=\"0\">\n<tbody>\n<tr>\n<td style=\"border-style: none; border-width: medium;\" width=\"83\" height=\"16\">\n<p style=\"margin-top: 0; margin-bottom: 0;\"><span style=\"font-size: 80%; font-family: Verdana;\">Montag<\/span><\/p>\n<\/td>\n<td style=\"border-style: none; border-width: medium;\" width=\"165\" height=\"16\">\n<p style=\"margin-top: 0; margin-bottom: 0;\"><span style=\"font-size: 80%; font-family: Verdana;\">18:00 Uhr<\/span><\/p>\n<\/td>\n<td style=\"border-style: none; border-width: medium;\" width=\"216\" height=\"16\">\n<p style=\"margin-top: 0; margin-bottom: 0;\"><span style=\"font-size: 80%; font-family: Verdana;\">bis 22:30 Uhr<\/span><\/p>\n<\/td>\n<td style=\"border-style: none; border-width: medium;\" width=\"157\" height=\"16\">&nbsp;<\/td>\n<\/tr>\n<tr>\n<td style=\"border-style: none; border-width: medium;\" width=\"83\" height=\"19\">&nbsp;<\/td>\n<td style=\"border-style: none; border-width: medium;\" width=\"165\" height=\"19\">&nbsp;<\/td>\n<td style=\"border-style: none; border-width: medium;\" width=\"216\" height=\"19\">&nbsp;<\/td>\n<td style=\"border-style: none; border-width: medium;\" width=\"157\" height=\"19\">&nbsp;<\/td>\n<\/tr>\n<tr>\n<td style=\"border-style: none; border-width: medium;\" width=\"83\" height=\"19\">&nbsp;<\/td>\n<td style=\"border-style: none; border-width: medium;\" width=\"165\" height=\"19\">&nbsp;<\/td>\n<td style=\"border-style: none; border-width: medium;\" width=\"216\" height=\"19\">&nbsp;<\/td>\n<td style=\"border-style: none; border-width: medium;\" width=\"157\" height=\"19\">&nbsp;<\/td>\n<\/tr>\n<tr>\n<td style=\"border-style: none; border-width: medium;\" width=\"83\" height=\"19\">\n<p style=\"margin-top: 0; margin-bottom: 0;\"><span style=\"font-size: 80%; font-family: Verdana;\">Freitag<\/span><\/p>\n<\/td>\n<td style=\"border-style: none; border-width: medium;\" width=\"165\" height=\"19\">\n<p style=\"margin-top: 0; margin-bottom: 0;\"><span style=\"font-size: 80%; font-family: Verdana;\">17:00 Uhr<\/span><\/p>\n<\/td>\n<td style=\"border-style: none; border-width: medium;\" width=\"216\" height=\"19\">\n<p style=\"margin-top: 0; margin-bottom: 0;\"><span style=\"font-size: 80%; font-family: Verdana;\">bis&nbsp;21:00 Uhr<\/span><\/p>\n<\/td>\n<td style=\"border-style: none; border-width: medium;\" width=\"157\" height=\"19\">&nbsp;<\/td>\n<\/tr>\n<tr>\n<td style=\"border-style: none; border-width: medium;\" width=\"83\" height=\"19\">\n<p style=\"margin-top: 0; margin-bottom: 0;\"><span style=\"font-size: 80%; font-family: Verdana;\">Samstag<\/span><\/p>\n<\/td>\n<td style=\"border-style: none; border-width: medium;\" width=\"165\" height=\"19\">\n<p style=\"margin-top: 0; margin-bottom: 0;\"><span style=\"font-size: 80%; font-family: Verdana;\">11:30 Uhr<\/span><\/p>\n<\/td>\n<td style=\"border-style: none; border-width: medium;\" width=\"216\" height=\"19\">\n<p style=\"margin-top: 0; margin-bottom: 0;\"><span style=\"font-size: 80%; font-family: Verdana;\">bis&nbsp;21:00 Uhr<\/span><\/p>\n<\/td>\n<td style=\"border-style: none; border-width: medium;\" width=\"157\" height=\"19\">&nbsp;<\/td>\n<\/tr>\n<tr>\n<td style=\"border-style: none; border-width: medium;\" width=\"83\" height=\"19\">\n<p style=\"margin-top: 0; margin-bottom: 0;\"><span style=\"font-size: 80%; font-family: Verdana;\">Sonntag<\/span><\/p>\n<\/td>\n<td style=\"border-style: none; border-width: medium;\" width=\"165\" height=\"19\">\n<p style=\"margin-top: 0; margin-bottom: 0;\"><span style=\"font-size: 80%; font-family: Verdana;\">11:3<\/span>0 Uhr<\/p>\n<\/td>\n<td style=\"border-style: none; border-width: medium;\" width=\"216\" height=\"19\">\n<p style=\"margin-top: 0; margin-bottom: 0;\"><span style=\"font-size: 80%; font-family: Verdana;\">bis&nbsp;21:00 Uhr<\/span><\/p>\n<\/td>\n<td style=\"border-style: none; border-width: medium;\" width=\"157\" height=\"19\">&nbsp;<\/td>\n<\/tr>\n<\/tbody>\n<\/table>\n<p><strong>&nbsp;<\/strong><\/p>\n","protected":false},"excerpt":{"rendered":"","protected":false},"author":1,"featured_media":0,"parent":126,"menu_order":6,"comment_status":"closed","ping_status":"closed","template":"","meta":{"ngg_post_thumbnail":0,"footnotes":"","_links_to":"","_links_to_target":""},"class_list":["post-148","page","type-page","status-publish","hentry"],"_links":{"self":[{"href":"https:\/\/www.aggertalersegelclub.de\/index.php?rest_route=\/wp\/v2\/pages\/148","targetHints":{"allow":["GET"]}}],"collection":[{"href":"https:\/\/www.aggertalersegelclub.de\/index.php?rest_route=\/wp\/v2\/pages"}],"about":[{"href":"https:\/\/www.aggertalersegelclub.de\/index.php?rest_route=\/wp\/v2\/types\/page"}],"author":[{"embeddable":true,"href":"https:\/\/www.aggertalersegelclub.de\/index.php?rest_route=\/wp\/v2\/users\/1"}],"replies":[{"embeddable":true,"href":"https:\/\/www.aggertalersegelclub.de\/index.php?rest_route=%2Fwp%2Fv2%2Fcomments&post=148"}],"version-history":[{"count":35,"href":"https:\/\/www.aggertalersegelclub.de\/index.php?rest_route=\/wp\/v2\/pages\/148\/revisions"}],"predecessor-version":[{"id":225,"href":"https:\/\/www.aggertalersegelclub.de\/index.php?rest_route=\/wp\/v2\/pages\/148\/revisions\/225"}],"up":[{"embeddable":true,"href":"https:\/\/www.aggertalersegelclub.de\/index.php?rest_route=\/wp\/v2\/pages\/126"}],"wp:attachment":[{"href":"https:\/\/www.aggertalersegelclub.de\/index.php?rest_route=%2Fwp%2Fv2%2Fmedia&parent=148"}],"curies":[{"name":"wp","href":"https:\/\/api.w.org\/{rel}","templated":true}]}}