{"id":147,"date":"2010-02-02T23:48:03","date_gmt":"2010-02-02T21:48:03","guid":{"rendered":"http:\/\/www.aggertalersegelclub.de\/wordpress\/?page_id=147"},"modified":"2025-01-08T14:25:17","modified_gmt":"2025-01-08T12:25:17","slug":"die-talsperre-2","status":"publish","type":"page","link":"https:\/\/www.aggertalersegelclub.de\/?page_id=147","title":{"rendered":"Die Talsperre"},"content":{"rendered":"<p><img loading=\"lazy\" decoding=\"async\" class=\"alignleft size-full wp-image-252\" title=\"talsp1\" src=\"http:\/\/www.aggertalersegelclub.de\/wordpress\/wp-content\/uploads\/2010\/02\/talsp1.jpg\" alt=\"\" width=\"600\" height=\"256\" srcset=\"https:\/\/www.aggertalersegelclub.de\/wordpress\/wp-content\/uploads\/2010\/02\/talsp1.jpg 600w, https:\/\/www.aggertalersegelclub.de\/wordpress\/wp-content\/uploads\/2010\/02\/talsp1-300x128.jpg 300w\" sizes=\"auto, (max-width: 600px) 100vw, 600px\" \/><\/p>\n<p><!--more-->Im S\u00fcden des Sauerlandes, zwischen den St\u00e4dten Olpe und Attendorn, liegt der Biggesee, Westfalens gr\u00f6\u00dfte Talsperre. Der ca. 20 km lange k\u00fcnstliche See mit seinen vielen Nebenarmen ist von besonderer landschaftlicher Sch\u00f6nheit.<!--more--><\/p>\n<p><img loading=\"lazy\" decoding=\"async\" class=\"alignleft size-full wp-image-253\" title=\"talsp2\" src=\"http:\/\/www.aggertalersegelclub.de\/wordpress\/wp-content\/uploads\/2010\/02\/talsp2.jpg\" alt=\"\" width=\"600\" height=\"256\" srcset=\"https:\/\/www.aggertalersegelclub.de\/wordpress\/wp-content\/uploads\/2010\/02\/talsp2.jpg 600w, https:\/\/www.aggertalersegelclub.de\/wordpress\/wp-content\/uploads\/2010\/02\/talsp2-300x128.jpg 300w\" sizes=\"auto, (max-width: 600px) 100vw, 600px\" \/><\/p>\n<p><!--more-->Seine Erholungsanlagen machen ihn zu einem Ferienparadies. Im Sommer lockt der Biggesee zum Baden, Angeln, Campen, Tretbootfahren, Surfen, Segeln (!!), Tauchen oder zu einer Fahrt mit einem der Schiffe der Weissen Flotte, der Personenschifffahrt Biggesee.<!--more--><\/p>\n<p><img loading=\"lazy\" decoding=\"async\" class=\"alignleft size-full wp-image-254\" title=\"talsp3\" src=\"http:\/\/www.aggertalersegelclub.de\/wordpress\/wp-content\/uploads\/2010\/02\/talsp3.jpg\" alt=\"\" width=\"600\" height=\"256\" srcset=\"https:\/\/www.aggertalersegelclub.de\/wordpress\/wp-content\/uploads\/2010\/02\/talsp3.jpg 600w, https:\/\/www.aggertalersegelclub.de\/wordpress\/wp-content\/uploads\/2010\/02\/talsp3-300x128.jpg 300w\" sizes=\"auto, (max-width: 600px) 100vw, 600px\" \/><\/p>\n<p><!--more-->Planwagenfahrten, Skaten und Golfen, ausgewiesene Wander- und Fahrradwege gibt es rund um den ganzen See. Am Biggesee sind insgesamt f\u00fcnf Segelclubs beheimatet, darunter der Aggertaler Segel-Club (ASC) und der Wassersportverein Biggesee (WSVB). Die beiden Clubs teilen sich ein Clubgel\u00e4nde an der Sonderner Talbr\u00fccke.<\/p>\n<p>Bitte beachten Sie die <a href=\"http:\/\/www.aggertalersegelclub.de\/wordpress\/wp-content\/uploads\/2025\/01\/Freizeitordnung-Ruhrverband-2025.pdf\" target=\"_blank\" rel=\"noopener\">Freizeitordnung des Ruhrverbandes<\/a>&nbsp;und das Merkblatt &#8222;<a href=\"http:\/\/www.aggertalersegelclub.de\/wordpress\/wp-content\/uploads\/2010\/02\/RV_INFO_Segler_und_Angler_Talsperren-Juni_2012.pdf\" target=\"_blank\" rel=\"noopener\">Informationen f\u00fcr Segler und Angler<\/a>&#8222;.<\/p>\n","protected":false},"excerpt":{"rendered":"","protected":false},"author":1,"featured_media":0,"parent":126,"menu_order":3,"comment_status":"closed","ping_status":"closed","template":"","meta":{"ngg_post_thumbnail":0,"footnotes":"","_links_to":"","_links_to_target":""},"class_list":["post-147","page","type-page","status-publish","hentry"],"_links":{"self":[{"href":"https:\/\/www.aggertalersegelclub.de\/index.php?rest_route=\/wp\/v2\/pages\/147","targetHints":{"allow":["GET"]}}],"collection":[{"href":"https:\/\/www.aggertalersegelclub.de\/index.php?rest_route=\/wp\/v2\/pages"}],"about":[{"href":"https:\/\/www.aggertalersegelclub.de\/index.php?rest_route=\/wp\/v2\/types\/page"}],"author":[{"embeddable":true,"href":"https:\/\/www.aggertalersegelclub.de\/index.php?rest_route=\/wp\/v2\/users\/1"}],"replies":[{"embeddable":true,"href":"https:\/\/www.aggertalersegelclub.de\/index.php?rest_route=%2Fwp%2Fv2%2Fcomments&post=147"}],"version-history":[{"count":12,"href":"https:\/\/www.aggertalersegelclub.de\/index.php?rest_route=\/wp\/v2\/pages\/147\/revisions"}],"predecessor-version":[{"id":7797,"href":"https:\/\/www.aggertalersegelclub.de\/index.php?rest_route=\/wp\/v2\/pages\/147\/revisions\/7797"}],"up":[{"embeddable":true,"href":"https:\/\/www.aggertalersegelclub.de\/index.php?rest_route=\/wp\/v2\/pages\/126"}],"wp:attachment":[{"href":"https:\/\/www.aggertalersegelclub.de\/index.php?rest_route=%2Fwp%2Fv2%2Fmedia&parent=147"}],"curies":[{"name":"wp","href":"https:\/\/api.w.org\/{rel}","templated":true}]}}