{"id":144,"date":"2010-02-02T22:46:54","date_gmt":"2010-02-02T20:46:54","guid":{"rendered":"http:\/\/www.aggertalersegelclub.de\/wordpress\/?page_id=144"},"modified":"2026-04-07T15:20:30","modified_gmt":"2026-04-07T13:20:30","slug":"der-vorstand","status":"publish","type":"page","link":"https:\/\/www.aggertalersegelclub.de\/?page_id=144","title":{"rendered":"Der Vorstand"},"content":{"rendered":"<table id=\"AutoNumber1\" style=\"border-collapse: collapse; height: 637px;\" border=\"0\" width=\"610\" cellspacing=\"0\" cellpadding=\"0\">\n<tbody>\n<tr>\n<td width=\"137\" height=\"19\"><strong>Vorstand<\/strong><\/td>\n<td width=\"161\" height=\"19\">&nbsp;<\/td>\n<td width=\"308\" height=\"19\">&nbsp;<\/td>\n<\/tr>\n<tr>\n<td width=\"137\" height=\"19\">1. Vorsitzender<\/td>\n<td width=\"161\" height=\"19\"><a href=\"mailto:vorstand@aggertalersegelclub.de\">Martin B\u00e4rwolf<\/a><\/td>\n<td width=\"308\" height=\"19\">Tel.: 0175 &#8211; 22 78 357<\/td>\n<\/tr>\n<tr>\n<td width=\"137\" height=\"19\">&nbsp;<\/td>\n<td width=\"161\" height=\"19\">&nbsp;<\/td>\n<td width=\"308\" height=\"19\">&nbsp;<\/td>\n<\/tr>\n<tr>\n<td width=\"137\" height=\"19\">Gesch\u00e4ftsf\u00fchrer<\/td>\n<td width=\"161\" height=\"19\"><a href=\"mailto:gf@aggertalersegelclub.de\">Jens Birkholz<\/a><\/td>\n<td width=\"308\" height=\"19\">Wiesenstr. 19, 51643 Gummersbach<\/td>\n<\/tr>\n<tr>\n<td width=\"137\" height=\"19\">&nbsp;<\/td>\n<td width=\"161\" height=\"19\">&nbsp;<\/td>\n<td width=\"308\" height=\"19\">Tel.: 0173 &#8211; 270 34 36<\/td>\n<\/tr>\n<tr>\n<td width=\"137\" height=\"19\">stellv. Gesch\u00e4ftsf\u00fchrer<\/td>\n<td width=\"161\" height=\"19\"><a href=\"mailto:2.gf@aggertalersegelclub.de\">Thomas Beger<\/a><\/td>\n<td width=\"308\" height=\"19\">&nbsp;<\/td>\n<\/tr>\n<tr>\n<td width=\"137\" height=\"19\">&nbsp;<\/td>\n<td width=\"161\" height=\"19\">&nbsp;<\/td>\n<td width=\"308\" height=\"19\">&nbsp;<\/td>\n<\/tr>\n<tr>\n<td width=\"137\" height=\"19\">1. stellv. Vorsitzender<\/td>\n<td width=\"161\" height=\"19\"><a href=\"mailto:vorstand2@aggertalersegelclub.de\" target=\"_blank\" rel=\"noopener\">Hans Joachim Suchanek<\/a><\/td>\n<td width=\"308\" height=\"19\">&nbsp;<\/td>\n<\/tr>\n<tr>\n<td width=\"137\" height=\"19\">2. stellv. Vorsitzender<\/td>\n<td width=\"161\" height=\"19\"><a href=\"mailto:hafenmeister@aggertalersegelclub.de\">Lutz Lange<\/a><\/td>\n<td width=\"308\" height=\"19\">(und Hafenmeister)<\/td>\n<\/tr>\n<tr>\n<td width=\"137\" height=\"19\">Schatzmeister<\/td>\n<td width=\"161\" height=\"19\"><a href=\"mailto:finanzen@aggertalersegelclub.de\">Dr. Detlef Kerkmann<\/a><\/td>\n<td width=\"308\" height=\"19\">&nbsp;<\/td>\n<\/tr>\n<tr>\n<td width=\"137\" height=\"19\">Sportwart<\/td>\n<td width=\"161\" height=\"19\"><a href=\"mailto:sport@aggertalersegelclub.de\" target=\"_blank\" rel=\"noopener\">Dirk Sessinghaus<\/a><\/td>\n<td width=\"308\" height=\"19\">&nbsp;<\/td>\n<\/tr>\n<tr>\n<td width=\"137\" height=\"19\">Jugendwart<\/td>\n<td width=\"161\" height=\"19\"><a href=\"mailto:jugend@aggertalersegelclub.de\">Thomas Kie\u00dflich<\/a><\/td>\n<td width=\"308\" height=\"19\">&nbsp;<\/td>\n<\/tr>\n<tr>\n<td width=\"137\" height=\"19\">1. Beisitzer<\/td>\n<td width=\"161\" height=\"19\"><a href=\"mailto:1.beisitzer@aggertalersegelclub.de\">Thomas Beger<\/a><\/td>\n<td width=\"308\" height=\"19\">(Schriftwart &amp; stellv. Schatzmeister)<\/td>\n<\/tr>\n<tr>\n<td width=\"137\" height=\"19\">2. Beisitzer<\/td>\n<td width=\"161\" height=\"19\"><a href=\"mailto:jugend2@aggertalersegelclub.de\">Max Kr\u00fcger<\/a><\/td>\n<td width=\"308\" height=\"19\">(Jugend &amp; Sport)<\/td>\n<\/tr>\n<tr>\n<td width=\"137\" height=\"19\">&nbsp;<\/td>\n<td width=\"161\" height=\"19\">&nbsp;<\/td>\n<td width=\"308\" height=\"19\">&nbsp;<\/td>\n<\/tr>\n<tr>\n<td width=\"137\" height=\"19\"><strong>Jugendabteilung<\/strong><\/td>\n<td width=\"161\" height=\"19\">&nbsp;<\/td>\n<td width=\"308\" height=\"19\">&nbsp;<\/td>\n<\/tr>\n<tr>\n<td width=\"137\" height=\"19\">Jugendwart<\/td>\n<td width=\"161\" height=\"19\"><a href=\"mailto:jugend@aggertalersegelclub.de\">Thomas Kie\u00dflich<\/a><\/td>\n<td width=\"308\" height=\"19\">&nbsp;<\/td>\n<\/tr>\n<tr>\n<td width=\"137\" height=\"19\">stellv. Jugendwart<\/td>\n<td width=\"161\" height=\"19\"><a href=\"mailto:jugend2@aggertalersegelclub.de\">Max Kr\u00fcger<\/a><\/td>\n<td width=\"308\" height=\"19\">&nbsp;<\/td>\n<\/tr>\n<tr>\n<td width=\"137\" height=\"19\">&nbsp;<\/td>\n<td width=\"161\" height=\"19\">&nbsp;<\/td>\n<td width=\"308\" height=\"19\">&nbsp;<\/td>\n<\/tr>\n<tr>\n<td width=\"137\" height=\"19\"><strong>Sportabteilung<\/strong><\/td>\n<td width=\"161\" height=\"19\">&nbsp;<\/td>\n<td width=\"308\" height=\"19\">&nbsp;<\/td>\n<\/tr>\n<tr>\n<td width=\"137\" height=\"19\">Sportwart<\/td>\n<td width=\"161\" height=\"19\"><a href=\"mailto:sport@aggertalersegelclub.de\" target=\"_blank\" rel=\"noopener\">Dirk Sessinghaus<\/a><\/td>\n<td width=\"308\" height=\"19\">&nbsp;<\/td>\n<\/tr>\n<tr>\n<td width=\"137\" height=\"19\">&nbsp;<\/td>\n<td width=\"161\" height=\"19\">&nbsp;<\/td>\n<td width=\"308\" height=\"19\">&nbsp;<\/td>\n<\/tr>\n<tr>\n<td width=\"137\" height=\"19\"><strong>Gastsegler<\/strong><\/td>\n<td width=\"161\" height=\"19\">&nbsp;<\/td>\n<td width=\"308\" height=\"19\">&nbsp;<\/td>\n<\/tr>\n<tr>\n<td width=\"137\" height=\"19\">Gastseglerbeauftragter<\/td>\n<td width=\"161\" height=\"19\"><a href=\"mailto:gastsegler@aggertalersegelclub.de\">Dr. Michael Bilo<\/a><\/td>\n<td width=\"308\" height=\"19\">Tel.: &nbsp;022 02 \u2013 45 395<\/td>\n<\/tr>\n<tr>\n<td width=\"137\" height=\"19\">&nbsp;<\/td>\n<td width=\"161\" height=\"19\">&nbsp;<\/td>\n<td width=\"308\" height=\"19\">siehe auch <a href=\"http:\/\/www.aggertalersegelclub.de\/?page_id=146\">Gastseglerrubrik<\/a><\/td>\n<\/tr>\n<tr>\n<td width=\"137\" height=\"19\">&nbsp;<\/td>\n<td width=\"161\" height=\"19\">&nbsp;<\/td>\n<td width=\"308\" height=\"19\">&nbsp;<\/td>\n<\/tr>\n<tr>\n<td width=\"137\" height=\"17\"><strong>Hafenmeister<\/strong><\/td>\n<td width=\"161\" height=\"17\"><a href=\"mailto:hafenmeister@aggertalersegelclub.de\">Lutz Lange<\/a><\/td>\n<td width=\"308\" height=\"17\">Tel.: 02 35 1 \/ 20 05 8<\/td>\n<\/tr>\n<tr>\n<td width=\"137\" height=\"19\">&nbsp;<\/td>\n<td width=\"161\" height=\"19\">&nbsp;<\/td>\n<td width=\"308\" height=\"19\">&nbsp;<\/td>\n<\/tr>\n<tr>\n<td width=\"137\" height=\"19\"><strong>IT-Beauftragter<\/strong><\/td>\n<td width=\"161\" height=\"19\"><a href=\"mailto:webmaster@aggertalersegelclub.de\">Dr. Sven Arends<\/a><\/td>\n<td width=\"308\" height=\"19\">&nbsp;<\/td>\n<\/tr>\n<tr>\n<td width=\"137\" height=\"19\">&nbsp;<\/td>\n<td width=\"161\" height=\"19\">&nbsp;<\/td>\n<td width=\"308\" height=\"19\">&nbsp;<\/td>\n<\/tr>\n<tr>\n<td width=\"137\" height=\"19\"><strong>Clubhaus<\/strong><\/td>\n<td width=\"161\" height=\"19\"><a href=\"mailto:valerijus63@gmail.de\">Valerijus Stepanenko<\/a><\/td>\n<td width=\"308\" height=\"19\">Tel.: 0157 \u2013 71 49 30 62<\/td>\n<\/tr>\n<tr>\n<td width=\"137\" height=\"19\">&nbsp;<\/td>\n<td width=\"161\" height=\"19\">&nbsp;<\/td>\n<td width=\"308\" height=\"19\">&nbsp;<\/td>\n<\/tr>\n<tr>\n<td width=\"137\" height=\"19\"><strong>Vereinsregister<\/strong><\/td>\n<td width=\"161\" height=\"19\">Amtsgericht K\u00f6ln<\/td>\n<td width=\"308\" height=\"19\">VR 600 471<\/td>\n<\/tr>\n<tr>\n<td width=\"137\" height=\"19\">&nbsp;<\/td>\n<td width=\"161\" height=\"19\">&nbsp;<\/td>\n<td width=\"308\" height=\"19\">&nbsp;<\/td>\n<\/tr>\n<\/tbody>\n<\/table>\n<p><a href=\"http:\/\/www.aggertalersegelclub.de\/wordpress\/wp-content\/uploads\/2026\/04\/ASCORGA2026.pdf\" target=\"_blank\" rel=\"noopener noreferrer\">ASC-Organigramm als PDF zum Download<\/a>&nbsp;&nbsp;<\/p>\n\n\n<p><\/p>\n","protected":false},"excerpt":{"rendered":"<p>Vorstand &nbsp; &nbsp; 1. Vorsitzender Martin B\u00e4rwolf Tel.: 0175 &#8211; 22 78 357 &nbsp; &nbsp; &nbsp; Gesch\u00e4ftsf\u00fchrer Jens Birkholz Wiesenstr. 19, 51643 Gummersbach &nbsp; &nbsp; Tel.: 0173 &#8211; 270 34 36 stellv. Gesch\u00e4ftsf\u00fchrer Thomas Beger &nbsp; &nbsp; &nbsp; &nbsp; 1. stellv. Vorsitzender Hans Joachim Suchanek &nbsp; 2. stellv. Vorsitzender Lutz Lange (und Hafenmeister) Schatzmeister Dr. [&hellip;]<\/p>\n","protected":false},"author":1,"featured_media":0,"parent":126,"menu_order":1,"comment_status":"closed","ping_status":"closed","template":"","meta":{"ngg_post_thumbnail":0,"footnotes":"","_links_to":"","_links_to_target":""},"class_list":["post-144","page","type-page","status-publish","hentry"],"_links":{"self":[{"href":"https:\/\/www.aggertalersegelclub.de\/index.php?rest_route=\/wp\/v2\/pages\/144","targetHints":{"allow":["GET"]}}],"collection":[{"href":"https:\/\/www.aggertalersegelclub.de\/index.php?rest_route=\/wp\/v2\/pages"}],"about":[{"href":"https:\/\/www.aggertalersegelclub.de\/index.php?rest_route=\/wp\/v2\/types\/page"}],"author":[{"embeddable":true,"href":"https:\/\/www.aggertalersegelclub.de\/index.php?rest_route=\/wp\/v2\/users\/1"}],"replies":[{"embeddable":true,"href":"https:\/\/www.aggertalersegelclub.de\/index.php?rest_route=%2Fwp%2Fv2%2Fcomments&post=144"}],"version-history":[{"count":76,"href":"https:\/\/www.aggertalersegelclub.de\/index.php?rest_route=\/wp\/v2\/pages\/144\/revisions"}],"predecessor-version":[{"id":8025,"href":"https:\/\/www.aggertalersegelclub.de\/index.php?rest_route=\/wp\/v2\/pages\/144\/revisions\/8025"}],"up":[{"embeddable":true,"href":"https:\/\/www.aggertalersegelclub.de\/index.php?rest_route=\/wp\/v2\/pages\/126"}],"wp:attachment":[{"href":"https:\/\/www.aggertalersegelclub.de\/index.php?rest_route=%2Fwp%2Fv2%2Fmedia&parent=144"}],"curies":[{"name":"wp","href":"https:\/\/api.w.org\/{rel}","templated":true}]}}