{"id":136,"date":"2010-02-02T23:40:57","date_gmt":"2010-02-02T21:40:57","guid":{"rendered":"http:\/\/www.aggertalersegelclub.de\/wordpress\/?page_id=136"},"modified":"2015-01-11T12:29:48","modified_gmt":"2015-01-11T10:29:48","slug":"jugend-3","status":"publish","type":"page","link":"https:\/\/www.aggertalersegelclub.de\/?page_id=136","title":{"rendered":"Jugend"},"content":{"rendered":"<p><span style=\"line-height: 1.5;\">In der Jugendabteilung des ASC werden Kinder ab 8 Jahre an den aktiven Segelsport heran gef\u00fchrt. Auf <a href=\"http:\/\/www.dodv.org\" target=\"_blank\">Optimistenjollen<\/a> \u2013 kurz Optis &#8211; beginnen die M\u00e4dchen und Jungen ihre Segelkarriere. 8 Optis stehen den Kindern zur Verf\u00fcgung. Ein Segel, eine Schot, eine Pinne, ein Boot \u2013 viel mehr braucht es nicht um den Steg einmal von der Seeseite aus zu sehen. Doch aller Anfang ist schwer. Daher beginnen die ersten Segelversuche, gut gesichert mit Schwimmwesten und Begleitbooten, noch ohne Segel. Mit Paddelantrieb und Rudersteuerung geht es auf Geschwaderfahrt.<\/span><\/p>\n<p><a href=\"http:\/\/www.aggertalersegelclub.de\/wordpress\/wp-content\/uploads\/2010\/02\/pic1.jpg\"><img loading=\"lazy\" decoding=\"async\" class=\"alignleft wp-image-2347\" src=\"http:\/\/www.aggertalersegelclub.de\/wordpress\/wp-content\/uploads\/2010\/02\/pic1-1024x768.jpg\" alt=\"pic1\" width=\"640\" height=\"480\" srcset=\"https:\/\/www.aggertalersegelclub.de\/wordpress\/wp-content\/uploads\/2010\/02\/pic1-1024x768.jpg 1024w, https:\/\/www.aggertalersegelclub.de\/wordpress\/wp-content\/uploads\/2010\/02\/pic1-300x225.jpg 300w\" sizes=\"auto, (max-width: 640px) 100vw, 640px\" \/><\/a><\/p>\n<p>Doch bereits nach wenigen Stunden des Trainings sind unsere Optimisten sicher unterwegs und verbessern Wenden, Halsen und Anlegeman\u00f6ver. Regelm\u00e4\u00dfig werden in Kooperation mit unseren Nachbarvereinen Kurse zum J\u00fcngstensegelschein angeboten. Nach dessen Erwerb d\u00fcrfen die Optis auch au\u00dferhalb des Trainings unter Elternaufsicht eigenst\u00e4ndig genutzt werden.<\/p>\n<p>Die gr\u00f6\u00dferen Kinder und Jugendliche steigen sp\u00e4ter in einen der drei sportlichen <a href=\"http:\/\/www.uniqua.de\" target=\"_blank\">420er-Jollen<\/a> des ASC oder in die Einmannnjolle \u201e<a href=\"http:\/\/www.laserklasse.de\" target=\"_blank\">Laser<\/a>\u201c um. Beide Bootsklassen sind anspruchsvoller, sportlich zu segeln und ermuntern zur Regatttateilnahme. Der 420er wird von zwei Seglern gefahren und der Vorschoter reitet bei ausreichend Wind im Trapez aus.<\/p>\n<p>Neben den sportlichen Herausforderungen erfordern die Jugendboote eine weitreichende \u00dcbersicht \u00fcber die zahlreichen Trimmm\u00f6glichkeiten, die Laser und 420er-Jollen bereit stellen.<\/p>\n<p><a href=\"http:\/\/www.aggertalersegelclub.de\/wordpress\/wp-content\/uploads\/2010\/02\/DSC2991.jpg\"><img loading=\"lazy\" decoding=\"async\" class=\"alignleft wp-image-2352\" src=\"http:\/\/www.aggertalersegelclub.de\/wordpress\/wp-content\/uploads\/2010\/02\/DSC2991-1024x575.jpg\" alt=\"SONY DSC\" width=\"640\" height=\"360\" srcset=\"https:\/\/www.aggertalersegelclub.de\/wordpress\/wp-content\/uploads\/2010\/02\/DSC2991-1024x575.jpg 1024w, https:\/\/www.aggertalersegelclub.de\/wordpress\/wp-content\/uploads\/2010\/02\/DSC2991-300x169.jpg 300w\" sizes=\"auto, (max-width: 640px) 100vw, 640px\" \/><\/a><\/p>\n<p>Neben der Praxis darf die Theorie nicht fehlen. Theoretischer Unterricht \u00fcber Segelstellung, Man\u00f6ver und die Vorfahrtsregeln sowie Regattataktik f\u00fcr die Fortgeschrittenen erg\u00e4nzen unsere Ausbildung.<\/p>\n<p><a href=\"http:\/\/www.aggertalersegelclub.de\/wordpress\/wp-content\/uploads\/2010\/02\/pic3.jpg\"><img loading=\"lazy\" decoding=\"async\" class=\"alignleft wp-image-2349\" src=\"http:\/\/www.aggertalersegelclub.de\/wordpress\/wp-content\/uploads\/2010\/02\/pic3-1024x576.jpg\" alt=\"pic3\" width=\"640\" height=\"360\" srcset=\"https:\/\/www.aggertalersegelclub.de\/wordpress\/wp-content\/uploads\/2010\/02\/pic3-1024x576.jpg 1024w, https:\/\/www.aggertalersegelclub.de\/wordpress\/wp-content\/uploads\/2010\/02\/pic3-300x169.jpg 300w\" sizes=\"auto, (max-width: 640px) 100vw, 640px\" \/><\/a><br \/>\nBei aller Begeisterung f\u00fcr das Segeln\u00a0darf das gem\u00fctliche Miteinander im ASC auch nicht fehlen. Nach anstrengenden Segelstunden wird die clubeigene Feuerstelle gerne als Anlaufpunkt zum gemeinsamen Ausklang von Kindern, Jugendlichen und Erwachsenen genutzt.<\/p>\n<p><a href=\"http:\/\/www.aggertalersegelclub.de\/wordpress\/wp-content\/uploads\/2010\/02\/pic4.jpg\"><img loading=\"lazy\" decoding=\"async\" class=\"alignleft wp-image-2350\" src=\"http:\/\/www.aggertalersegelclub.de\/wordpress\/wp-content\/uploads\/2010\/02\/pic4-1024x768.jpg\" alt=\"pic4\" width=\"640\" height=\"480\" srcset=\"https:\/\/www.aggertalersegelclub.de\/wordpress\/wp-content\/uploads\/2010\/02\/pic4.jpg 1024w, https:\/\/www.aggertalersegelclub.de\/wordpress\/wp-content\/uploads\/2010\/02\/pic4-300x225.jpg 300w\" sizes=\"auto, (max-width: 640px) 100vw, 640px\" \/><\/a><\/p>\n<p><span style=\"line-height: 1.5;\">F\u00fcr R\u00fcckfragen und eine erste Kontaktaufnahme<\/span><span style=\"line-height: 1.5;\">\u00a0stehen die <\/span><a style=\"line-height: 1.5;\" href=\"http:\/\/www.aggertalersegelclub.de\/?page_id=187\">Jugendwarte<\/a><span style=\"line-height: 1.5;\">\u00a0gerne zur Verf\u00fcgung.<\/span><\/p>\n","protected":false},"excerpt":{"rendered":"<p>In der Jugendabteilung des ASC werden Kinder ab 8 Jahre an den aktiven Segelsport heran gef\u00fchrt. Auf Optimistenjollen \u2013 kurz Optis &#8211; beginnen die M\u00e4dchen und Jungen ihre Segelkarriere. 8 Optis stehen den Kindern zur Verf\u00fcgung. Ein Segel, eine Schot, eine Pinne, ein Boot \u2013 viel mehr braucht es nicht um den Steg einmal von [&hellip;]<\/p>\n","protected":false},"author":1,"featured_media":0,"parent":0,"menu_order":6,"comment_status":"closed","ping_status":"closed","template":"","meta":{"ngg_post_thumbnail":0,"footnotes":"","_links_to":"","_links_to_target":""},"class_list":["post-136","page","type-page","status-publish","hentry"],"_links":{"self":[{"href":"https:\/\/www.aggertalersegelclub.de\/index.php?rest_route=\/wp\/v2\/pages\/136","targetHints":{"allow":["GET"]}}],"collection":[{"href":"https:\/\/www.aggertalersegelclub.de\/index.php?rest_route=\/wp\/v2\/pages"}],"about":[{"href":"https:\/\/www.aggertalersegelclub.de\/index.php?rest_route=\/wp\/v2\/types\/page"}],"author":[{"embeddable":true,"href":"https:\/\/www.aggertalersegelclub.de\/index.php?rest_route=\/wp\/v2\/users\/1"}],"replies":[{"embeddable":true,"href":"https:\/\/www.aggertalersegelclub.de\/index.php?rest_route=%2Fwp%2Fv2%2Fcomments&post=136"}],"version-history":[{"count":10,"href":"https:\/\/www.aggertalersegelclub.de\/index.php?rest_route=\/wp\/v2\/pages\/136\/revisions"}],"predecessor-version":[{"id":480,"href":"https:\/\/www.aggertalersegelclub.de\/index.php?rest_route=\/wp\/v2\/pages\/136\/revisions\/480"}],"wp:attachment":[{"href":"https:\/\/www.aggertalersegelclub.de\/index.php?rest_route=%2Fwp%2Fv2%2Fmedia&parent=136"}],"curies":[{"name":"wp","href":"https:\/\/api.w.org\/{rel}","templated":true}]}}