{"id":126,"date":"2010-02-02T23:35:38","date_gmt":"2010-02-02T21:35:38","guid":{"rendered":"http:\/\/www.aggertalersegelclub.de\/wordpress\/?page_id=126"},"modified":"2010-02-03T04:55:43","modified_gmt":"2010-02-03T02:55:43","slug":"der-verein","status":"publish","type":"page","link":"https:\/\/www.aggertalersegelclub.de\/?page_id=126","title":{"rendered":"Der Verein"},"content":{"rendered":"<p>Der ASC ist ein traditionsreicher, gemeinn\u00fctziger Verein an der Bigge-Talsperre im Sauerland. Seine Mitglieder setzen sich seit \u00fcber 40 Jahren f\u00fcr die F\u00f6rderung des Segelsports ein.<\/p>\n<div id=\"attachment_237\" style=\"width: 610px\" class=\"wp-caption aligncenter\"><img loading=\"lazy\" decoding=\"async\" aria-describedby=\"caption-attachment-237\" class=\"size-full wp-image-237\" title=\"ueberuns\" src=\"http:\/\/www.aggertalersegelclub.de\/wordpress\/wp-content\/uploads\/2010\/02\/ueberuns.jpg\" alt=\"\" width=\"600\" height=\"291\" srcset=\"https:\/\/www.aggertalersegelclub.de\/wordpress\/wp-content\/uploads\/2010\/02\/ueberuns.jpg 600w, https:\/\/www.aggertalersegelclub.de\/wordpress\/wp-content\/uploads\/2010\/02\/ueberuns-300x145.jpg 300w\" sizes=\"auto, (max-width: 600px) 100vw, 600px\" \/><p id=\"caption-attachment-237\" class=\"wp-caption-text\">Die 2003 neu erbauten Steganlagen des ASC<\/p><\/div>\n<p style=\"text-align: center;\">\n<p>Unsere Mitglieder kommen aus einem Einzugsgebiet von bis zu ca. 200 km um den Biggesee. Die herrliche Clubanlage mit Clubhausrestauration bietet den Mitgliedern und G\u00e4sten ein angenehmes Ambiente vor, w\u00e4hrend und nach der Segelsaison.<\/p>\n<p>Die im Jahre 2003 neu erbauten clubeigenen Steganlagen bieten 104 Stegliegepl\u00e4tze f\u00fcr Jollen, Kaj\u00fctkreuzer, Sport- und Regattaboote der Mitglieder und unserer G\u00e4ste.<\/p>\n","protected":false},"excerpt":{"rendered":"<p>Der ASC ist ein traditionsreicher, gemeinn\u00fctziger Verein an der Bigge-Talsperre im Sauerland. Seine Mitglieder setzen sich seit \u00fcber 40 Jahren f\u00fcr die F\u00f6rderung des Segelsports ein. Unsere Mitglieder kommen aus einem Einzugsgebiet von bis zu ca. 200 km um den Biggesee. Die herrliche Clubanlage mit Clubhausrestauration bietet den Mitgliedern und G\u00e4sten ein angenehmes Ambiente vor, [&hellip;]<\/p>\n","protected":false},"author":1,"featured_media":0,"parent":0,"menu_order":2,"comment_status":"closed","ping_status":"closed","template":"","meta":{"ngg_post_thumbnail":0,"footnotes":"","_links_to":"","_links_to_target":""},"class_list":["post-126","page","type-page","status-publish","hentry"],"_links":{"self":[{"href":"https:\/\/www.aggertalersegelclub.de\/index.php?rest_route=\/wp\/v2\/pages\/126","targetHints":{"allow":["GET"]}}],"collection":[{"href":"https:\/\/www.aggertalersegelclub.de\/index.php?rest_route=\/wp\/v2\/pages"}],"about":[{"href":"https:\/\/www.aggertalersegelclub.de\/index.php?rest_route=\/wp\/v2\/types\/page"}],"author":[{"embeddable":true,"href":"https:\/\/www.aggertalersegelclub.de\/index.php?rest_route=\/wp\/v2\/users\/1"}],"replies":[{"embeddable":true,"href":"https:\/\/www.aggertalersegelclub.de\/index.php?rest_route=%2Fwp%2Fv2%2Fcomments&post=126"}],"version-history":[{"count":3,"href":"https:\/\/www.aggertalersegelclub.de\/index.php?rest_route=\/wp\/v2\/pages\/126\/revisions"}],"predecessor-version":[{"id":1234,"href":"https:\/\/www.aggertalersegelclub.de\/index.php?rest_route=\/wp\/v2\/pages\/126\/revisions\/1234"}],"wp:attachment":[{"href":"https:\/\/www.aggertalersegelclub.de\/index.php?rest_route=%2Fwp%2Fv2%2Fmedia&parent=126"}],"curies":[{"name":"wp","href":"https:\/\/api.w.org\/{rel}","templated":true}]}}